{"id":3,"date":"2019-05-18T19:28:53","date_gmt":"2019-05-18T17:28:53","guid":{"rendered":"https:\/\/izumisushi.eu\/izumi-omakase\/?page_id=3"},"modified":"2025-06-09T12:11:29","modified_gmt":"2025-06-09T10:11:29","slug":"regulamin","status":"publish","type":"page","link":"https:\/\/izumisushi.eu\/izumi-omakase\/regulamin\/","title":{"rendered":"Regulamin"},"content":{"rendered":"<div class=\"wpb-content-wrapper\"><p>[vc_row unlock_row_content=&#8221;yes&#8221; row_height_percent=&#8221;0&#8243; overlay_alpha=&#8221;50&#8243; gutter_size=&#8221;3&#8243; column_width_percent=&#8221;100&#8243; shift_y=&#8221;0&#8243; z_index=&#8221;0&#8243; uncode_shortcode_id=&#8221;766689&#8243;][vc_column width=&#8221;1\/6&#8243;][\/vc_column][vc_column column_width_percent=&#8221;100&#8243; gutter_size=&#8221;3&#8243; override_padding=&#8221;yes&#8221; column_padding=&#8221;3&#8243; overlay_alpha=&#8221;50&#8243; shadow=&#8221;std&#8221; shift_x=&#8221;0&#8243; shift_y=&#8221;0&#8243; shift_y_down=&#8221;0&#8243; z_index=&#8221;0&#8243; medium_width=&#8221;0&#8243; mobile_width=&#8221;0&#8243; width=&#8221;2\/3&#8243; uncode_shortcode_id=&#8221;173791&#8243;][vc_column_text uncode_shortcode_id=&#8221;199488&#8243;]<\/p>\n<h1>Regulamin<\/h1>\n<p><strong>\u00a71\u00a0Definicje<\/strong><\/p>\n<p style=\"font-weight: 400;\">Poj\u0119cia u\u017cyte w niniejszym regulaminie maj\u0105 nast\u0119puj\u0105ce znaczenie:<\/p>\n<ol>\n<li><strong>Formularz rezerwacyjny<\/strong>\u2013 formularz wype\u0142niany przez U\u017cytkownika przy rezerwacji kolacji.<\/li>\n<li><strong>Regulamin\u00a0<\/strong>\u2013 niniejszy dokument.<\/li>\n<li><strong>Restauracja\u00a0<\/strong>\u2013 restauracja Izumi Omakase znajduj\u0105ca si\u0119 w Warszawie, przy ul. Bia\u0142y Kamie\u0144 4, 02-593 Warszawa.<\/li>\n<li><strong>Strona internetowa<\/strong>\u2013 strona internetowa umieszczona pod adresem https:\/\/izumisushi.eu\/izumi-omakase\/.<\/li>\n<li><strong>Us\u0142ugi<\/strong>\u2013 wszelkie us\u0142ugi \u015bwiadczone drog\u0105 elektroniczn\u0105 przez Us\u0142ugodawc\u0119\u00a0na rzecz U\u017cytkownik\u00f3w w oparciu o niniejszy Regulamin, w szczeg\u00f3lno\u015bci prezentacja oferty Restauracji, udost\u0119pnienie mo\u017cliwo\u015bci rezerwacji on-line kolacji w Restauracji.<\/li>\n<li><strong>Us\u0142ugodawca\u00a0<\/strong>\u2013 Izumi s.c., Ul. Bia\u0142y Kamie\u0144 4, 02-593 Warszawa (NIP 5213527188) (Regon 141856157))<\/li>\n<li><strong>U\u017cytkownik<\/strong>\u2013 osoba fizyczna posiadaj\u0105ca co najmniej ograniczon\u0105 zdolno\u015b\u0107 do czynno\u015bci prawnych, a w przypadku zamawiania produkt\u00f3w, co do kt\u00f3rych konieczne jest osi\u0105gni\u0119cie pe\u0142noletno\u015bci \u2013 osoba pe\u0142noletnia; osoba prawna; jednostka organizacyjna niemaj\u0105ca osobowo\u015bci prawnej, posiadaj\u0105ca zdolno\u015b\u0107 prawn\u0105, kt\u00f3ra korzysta z Us\u0142ug.<\/li>\n<\/ol>\n<p><strong>\u00a72\u00a0Postanowienia og\u00f3lne<\/strong><\/p>\n<ol>\n<li>U\u017cytkownicy zobowi\u0105zani s\u0105 do zapoznania si\u0119 z Regulaminem przed rozpocz\u0119ciem korzystania z Us\u0142ug.<\/li>\n<li>Us\u0142ugodawca nieodp\u0142atnie udost\u0119pnia U\u017cytkownikom Regulamin, za po\u015brednictwem Strony internetowej.<\/li>\n<\/ol>\n<p><strong>\u00a73\u00a0Us\u0142ugi<\/strong><\/p>\n<ol>\n<li>Us\u0142ugodawca \u015bwiadczy bezp\u0142atn\u0105 Us\u0142ug\u0119 polegaj\u0105c\u0105 na prezentacji oferty Restauracji.<\/li>\n<li>Us\u0142ugodawca \u015bwiadczy p\u0142atn\u0105 Us\u0142ug\u0119 polegaj\u0105c\u0105 na udost\u0119pnienie mo\u017cliwo\u015bci rezerwacji on-line kolacji w Restauracji.<\/li>\n<li>Wymagania techniczne niezb\u0119dne do wsp\u00f3\u0142pracy z systemem teleinformatycznym, kt\u00f3rym pos\u0142uguje si\u0119 Strona internetowa s\u0105 nast\u0119puj\u0105ce:\n<ol>\n<li>po\u0142\u0105czenie z sieci\u0105 Internet;<\/li>\n<li>odpowiednio skonfigurowana, aktualna wersja przegl\u0105darki internetowej;<\/li>\n<li>posiadanie i podanie adresu e-mail umo\u017cliwiaj\u0105cego przes\u0142anie informacji dotycz\u0105cych realizacji Us\u0142ugi.<\/li>\n<\/ol>\n<\/li>\n<li>Us\u0142ugodawca w najszerszym dopuszczalnym przez prawo zakresie nie ponosi odpowiedzialno\u015bci za zak\u0142\u00f3cenia, w tym przerwy, w funkcjonowaniu Strony internetowej spowodowane Si\u0142\u0105 wy\u017csz\u0105 (zdarzenia losowe niemo\u017cliwe do przewidzenia i do zapobie\u017cenia, w szczeg\u00f3lno\u015bci: nag\u0142e powa\u017cne awarie przemys\u0142owe i technologiczne, wstrzymanie dostaw energii, ograniczenia spowodowane wojn\u0105, strajkiem, kl\u0119sk\u0105 \u017cywio\u0142ow\u0105 lub zarz\u0105dzaniem w\u0142adz krajowych oraz samorz\u0105dowych uniemo\u017cliwiaj\u0105cym realizacj\u0119 przedmiotu umowy itp.), niedozwolonym dzia\u0142aniem os\u00f3b trzecich lub niekompatybilno\u015bci\u0105 Strony internetowej z infrastruktur\u0105 techniczn\u0105 U\u017cytkownika.<\/li>\n<\/ol>\n<p><strong>\u00a74\u00a0Rezerwacja kolacji<\/strong><\/p>\n<ol>\n<li>Restauracja Izumi Omakase to restauracja typu fine dining z 12 miejscami przy sushi barze, serwuj\u0105ca tradycyjne sushi japo\u0144skie.<\/li>\n<li>Restauracja dzia\u0142a wy\u0142\u0105cznie w systemie rezerwacji.<\/li>\n<li>Szczeg\u00f3\u0142y dotycz\u0105ce aktualnej oferty, w tym cen, godzin otwarcia, liczby go\u015bci, dost\u0119pne s\u0105 na Stronie internetowej. Informacje te nie stanowi\u0105 oferty w rozumieniu Kodeksu cywilnego, a jedynie zaproszenie do sk\u0142adania ofert.<\/li>\n<li>W celu dokonania rezerwacji kolacji U\u017cytkownik powinien wskaza\u0107 liczb\u0119 go\u015bci, wybra\u0107 termin spo\u015br\u00f3d dost\u0119pnych w kalendarzu oraz wype\u0142ni\u0107 Formularz rezerwacyjny dost\u0119pny na Stronie internetowej.<\/li>\n<li>W Formularzu rezerwacyjnym nale\u017cy poda\u0107 imi\u0119 i nazwisko, adres e-mail oraz numer telefonu.<\/li>\n<li>Przed dokonaniem rezerwacji U\u017cytkownik musi potwierdzi\u0107, \u017ce zapozna\u0142 si\u0119 z Regulaminem i akceptuje jego tre\u015b\u0107.<\/li>\n<li>U\u017cytkownik zobowi\u0105zuje si\u0119 do podania danych zgodnych z prawd\u0105. Us\u0142ugodawca nie ponosi odpowiedzialno\u015bci za jakiekolwiek szkody spowodowane podaniem danych nieprawdziwych lub niekompletnych.<\/li>\n<li>Po uzupe\u0142nieniu Formularza rezerwacyjnego i zaakceptowaniu Regulaminu U\u017cytkownik klika w przycisk przekierowuj\u0105cy go do strony umo\u017cliwiaj\u0105cej dokonanie p\u0142atno\u015bci. P\u0142atno\u015bci obs\u0142uguje wybrany przez Us\u0142ugodawc\u0119 operator.<\/li>\n<li>U\u017cytkownik mo\u017ce wybra\u0107 spos\u00f3b p\u0142atno\u015bci spo\u015br\u00f3d dost\u0119pnych, przy czym dokonanie p\u0142atno\u015bci jest warunkiem dokonania skutecznej rezerwacji.<\/li>\n<li>Nieop\u0142acona rezerwacja nie wywo\u0142uje skutk\u00f3w prawnych i zostaje anulowana.<\/li>\n<li>Po dokonaniu skutecznej rezerwacji U\u017cytkownik otrzymuje wiadomo\u015b\u0107 e-mail z potwierdzeniem dokonania rezerwacji. Jest to jednoznaczne z zawarciem pomi\u0119dzy Us\u0142ugodawc\u0105 a U\u017cytkownikiem umowy dotycz\u0105cej zam\u00f3wionej us\u0142ugi.<\/li>\n<li>Je\u017celi kolacja nie mo\u017ce si\u0119 odby\u0107 w zarezerwowanym terminie z przyczyn dotycz\u0105cych Us\u0142ugodawcy, ale od niego niezale\u017cnych, w szczeg\u00f3lno\u015bci w przypadku choroby mistrza Izumia, na\u0142o\u017cenia na niego obowi\u0105zku kwarantanny lub izolacji, Us\u0142ugodawca mo\u017ce zaproponowa\u0107 U\u017cytkownikowi inny termin lub zwr\u00f3ci\u0107 uiszczon\u0105 op\u0142at\u0119.<\/li>\n<li>Je\u017celi kolacja nie mo\u017ce si\u0119 odby\u0107 w zarezerwowanym terminie z powodu wyst\u0105pienia zdarze\u0144 o charakterze Si\u0142y wy\u017cszej (zdarzenia losowe niemo\u017cliwe do przewidzenia i do zapobie\u017cenia, w szczeg\u00f3lno\u015bci: nag\u0142e powa\u017cne awarie przemys\u0142owe i technologiczne, wstrzymanie dostaw energii, ograniczenia spowodowane wojn\u0105, strajkiem, kl\u0119sk\u0105 \u017cywio\u0142ow\u0105 lub zarz\u0105dzaniem w\u0142adz krajowych oraz samorz\u0105dowych uniemo\u017cliwiaj\u0105cym realizacj\u0119 przedmiotu umowy itp.), strony ustal\u0105 nowy termin.<\/li>\n<li>W Restauracji obowi\u0105zuje zakaz palenia oraz zakaz rozmawiania przez telefon.<\/li>\n<li>Usadzenie go\u015bci Restauracji ustala personel i U\u017cytkownik nie ma mo\u017cliwo\u015bci zmiany wskazanego mu miejsca.<\/li>\n<li>W Restauracji mog\u0105 przebywa\u0107 osoby pe\u0142noletnie oraz dzieci powy\u017cej 12 roku \u017cycia.<\/li>\n<\/ol>\n<p><strong>\u00a75\u00a0Odst\u0105pienie od Umowy, reklamacje<\/strong><\/p>\n<ol>\n<li>U\u017cytkownik mo\u017ce odwo\u0142a\u0107 rezerwacj\u0119 lub poinformowa\u0107 Us\u0142ugodawc\u0119 o mniejszej ni\u017c wskazana podczas rezerwacji liczbie os\u00f3b wysy\u0142aj\u0105c wiadomo\u015b\u0107 na nast\u0119puj\u0105cy adres e-mail\u00a0<a href=\"mailto:reservations@izumisushi.eu\">reservations@izumisushi.eu<\/a>.<\/li>\n<li>W przypadku, o kt\u00f3rym mowa w ust. 1 powy\u017cej U\u017cytkownik uprawniony jest do otrzymania zwrotu uiszczonej p\u0142atno\u015bci wed\u0142ug nast\u0119puj\u0105cych zasad:\n<ol>\n<li>odwo\u0142anie rezerwacji wcze\u015bniej ni\u017c 14 przed zarezerwowanym terminem \u2013 zwrot 100% dokonanej p\u0142atno\u015bci,<\/li>\n<li>odwo\u0142anie rezerwacji mi\u0119dzy 8 a 14 dniem przed zarezerwowanym terminem \u2013 zwrot\u00a0 70% dokonanej p\u0142atno\u015bci,<\/li>\n<li>odwo\u0142anie rezerwacji mi\u0119dzy 4 a 7 dniem przed zarezerwowanym terminem \u2013 zwrot\u00a0 50% dokonanej p\u0142atno\u015bci,<\/li>\n<li>odwo\u0142anie rezerwacji na 3 dni przed zarezerwowanym terminem lub p\u00f3\u017aniej, w tym tak\u017ce niepojawienie si\u0119 w Restauracji w ci\u0105gu 15 minut od zarezerwowanej godziny \u2013 brak mo\u017cliwo\u015bci zwrotu dokonanej p\u0142atno\u015bci.<\/li>\n<\/ol>\n<\/li>\n<li>Z uwagi na \u0142atwo psuj\u0105cy si\u0119 charakter oferowanych przez Restauracj\u0119 produkt\u00f3w, U\u017cytkownikowi nie przys\u0142uguje prawo do odst\u0105pienia od umowy wynikaj\u0105ce z ustawy z dnia 30 maja 2014 r o prawach konsumenta po rozpocz\u0119ciu jej faktycznej realizacji (art. 38 pkt 4 ww. ustawy), przy czym faktyczne wykonywanie umowy rozpoczyna si\u0119 najp\u00f3\u017aniej 14 dni przed zarezerwowanym terminem.<\/li>\n<li>U\u017cytkownik mo\u017ce zg\u0142asza\u0107 reklamacje dotycz\u0105ce Us\u0142ug \u015bwiadczonych w ramach Strony internetowej, a w szczeg\u00f3lno\u015bci ich niewykonania lub nienale\u017cytego wykonania, pisemnie na adres Us\u0142ugodawcy lub drog\u0105 elektroniczn\u0105 na nast\u0119puj\u0105cy adres e-mail\u00a0<a href=\"mailto:reservations@izumisushi.eu\">reservations@izumisushi.eu<\/a>.<\/li>\n<li>Us\u0142ugodawca rozpatrzy reklamacj\u0119 niezw\u0142ocznie, nie p\u00f3\u017aniej ni\u017c w ci\u0105gu 14 dni od otrzymania kompletnego zg\u0142oszenia.<\/li>\n<\/ol>\n<p><strong>\u00a76\u00a0Prawa i obowi\u0105zki Us\u0142ugodawcy i U\u017cytkownik\u00f3w<\/strong><\/p>\n<ol>\n<li>Us\u0142ugodawca zastrzega sobie prawo do:\n<ol>\n<li>przej\u015bciowego zaprzestania \u015bwiadczenia Us\u0142ug ze wzgl\u0119du na czynno\u015bci konserwacyjne lub zwi\u0105zane z modyfikacj\u0105 Strony internetowej;<\/li>\n<li>wysy\u0142ania na adresy elektroniczne U\u017cytkownik\u00f3w komunikat\u00f3w technicznych zwi\u0105zanych z funkcjonowaniem Us\u0142ug;<\/li>\n<\/ol>\n<\/li>\n<li>Zakazane jest dostarczanie przez U\u017cytkownika tre\u015bci o charakterze bezprawnym oraz wykorzystywanie przez niego Us\u0142ug w spos\u00f3b sprzeczny z prawem, dobrymi obyczajami, naruszaj\u0105cy dobra osobiste os\u00f3b trzecich lub uzasadnione interesy Us\u0142ugodawcy.<\/li>\n<\/ol>\n<p><strong>\u00a77\u00a0Ochrona danych osobowych<\/strong><\/p>\n<ol>\n<li>Udost\u0119pniaj\u0105c formularz rezerwacyjny Ustawodawca okre\u015bla dane osobowe U\u017cytkownika, kt\u00f3rych podanie jest niezb\u0119dne w celu umo\u017cliwienia \u015bwiadczenia przez Us\u0142ug. Podanie danych osobowych jest dobrowolne. Odmowa podania danych osobowych mo\u017ce skutkowa\u0107 niemo\u017cno\u015bci\u0105 \u015bwiadczenia Us\u0142ug przez Us\u0142ugodawc\u0119.<\/li>\n<li>Us\u0142ugodawca informuje U\u017cytkownik\u00f3w, \u017ce:\n<ol>\n<li>Administratorem danych osobowych w rozumieniu Rozporz\u0105dzenia Parlamentu Europejskiego i Rady (UE) 2016\/679 z dnia 27 kwietnia 2016 r. w sprawie ochrony os\u00f3b fizycznych (RODO) jest Us\u0142ugodawca.<\/li>\n<li>Kontakt z Administratorem mo\u017cliwy jest pod adresem e-mail\u00a0<a href=\"mailto:reservations@izumisushi.eu\">reservations@izumisushi.eu<\/a><\/li>\n<li>Administrator przetwarza dane osobowe wy\u0142\u0105cznie na podstawie prawa i w \u015bci\u015ble okre\u015blonych celach, tj.:\n<ol>\n<li>w celu zawarcia i wykonania umowy dotycz\u0105cej \u015bwiadczonych Us\u0142ug, na podstawie art. 6 ust. 1 lit. b) RODO,<\/li>\n<li>w celu dokonania rozlicze\u0144, w tym prowadzenia ksi\u0105g rachunkowych oraz wype\u0142niania obowi\u0105zk\u00f3w podatkowych, na podstawie art. 6 ust. 1 lit. c) RODO,<\/li>\n<li>w celach wynikaj\u0105cych z uzasadnionych interes\u00f3w administratora, w szczeg\u00f3lno\u015bci w celach statystycznych, archiwizacyjnych, badania jako\u015bci i satysfakcji, marketingu bezpo\u015bredniego, na podstawie art. 6 ust. 1 lit. f) RODO,<\/li>\n<li>w celu ewentualnego dochodzenia roszcze\u0144 i obrony przed roszczeniami, na podstawie art. 6 ust. 1 lit. f) RODO.<\/li>\n<\/ol>\n<\/li>\n<li>Okres przechowywania Danych osobowych jest uzale\u017cniony od podstawy prawnej ich przetwarzania:\n<ol>\n<li>w przypadku, gdy dane s\u0105 przetwarzane w celu realizacji obowi\u0105zk\u00f3w wynikaj\u0105cych z przepis\u00f3w prawa, w tym prawa podatkowego, b\u0119d\u0105 one przetwarzane przez okres niezb\u0119dny do wype\u0142nienia tych obowi\u0105zk\u00f3w i przez okres wymagany przez przepisy prawa;<\/li>\n<li>w przypadku, gdy dane s\u0105 przetwarzane w celu wykonania umowy, b\u0119d\u0105 one przetwarzane do czasu zako\u0144czenia wszelkich czynno\u015bci faktycznych i prawnych niezb\u0119dnych do realizacji umowy lub dla zabezpieczenia ewentualnych roszcze\u0144;<\/li>\n<li>w przypadku, gdy dane s\u0105 przetwarzane na podstawie uzasadnionego interesu Administratora, b\u0119d\u0105 one przetwarzane do czasu istnienia interes\u00f3w stanowi\u0105cych podstaw\u0119 tego przetwarzania lub do czasu wniesienia przez Pa\u0144stwa sprzeciwu wobec takiego przetwarzania;<\/li>\n<li>w przypadku, gdy dane s\u0105 przetwarzane s\u0105 na podstawie zgody, b\u0119d\u0105 one przetwarzane do czasu cofni\u0119cia przez Pa\u0144stwa tej zgody.<\/li>\n<\/ol>\n<\/li>\n<li>Ka\u017cdy U\u017cytkownik ma prawo do:\n<ol>\n<li>dost\u0119pu do tre\u015bci swoich danych, otrzymania ich kopii oraz prawo do sprostowania (poprawiania), usuni\u0119cia, ograniczenia przetwarzania, prawo wniesienia sprzeciwu wobec przetwarzanych danych;<\/li>\n<li>cofni\u0119cia zgody w dowolnym momencie bez wp\u0142ywu na zgodno\u015b\u0107 z prawem przetwarzania, kt\u00f3rego dokonano na podstawie zgody przed jej cofni\u0119ciem;<\/li>\n<li>wniesienia skargi do organu nadzorczego, kt\u00f3rym jest Prezes UODO, gdy uzna, i\u017c przetwarzanie tych danych osobowych narusza przepisy RODO.<\/li>\n<\/ol>\n<\/li>\n<li>Dane osobowe mog\u0105 by\u0107 ujawnione osobom upowa\u017cnionym przez Administratora, dostawcy platformy internetowej, podmiotom \u015bwiadcz\u0105cym na rzecz Administratora us\u0142ugi, w tym us\u0142ugi techniczne i organizacyjne, us\u0142ugi prawne, us\u0142ugi doradcze, us\u0142ugi finansowe, a tak\u017ce innym podmiotom\/osobom\/organom w zakresie i na zasadach okre\u015blonych przepisami prawa.<\/li>\n<li>Dane osobowe Us\u0142ugobiorcy nie b\u0119d\u0105 przekazywane do pa\u0144stwa trzeciego ani do organizacji mi\u0119dzynarodowej.<\/li>\n<li>Dane osobowe Us\u0142ugobiorcy nie b\u0119d\u0105 obj\u0119te procesem zautomatyzowanego podejmowania decyzji ani do profilowania, o kt\u00f3rych mowa w art. 22 ust. 1 i 4 RODO.<\/li>\n<\/ol>\n<\/li>\n<\/ol>\n<p><strong>\u00a78\u00a0Postanowienia ko\u0144cowe<\/strong><\/p>\n<ol>\n<li>Wszelkie tre\u015bci dost\u0119pne na Stronie internetowej stanowi\u0105 utwory w rozumieniu ustawy z dnia 4 lutego 1994 roku o prawie autorskim i prawach pokrewnych. Utwory te stanowi\u0105 w\u0142asno\u015b\u0107 intelektualn\u0105 Us\u0142ugodawcy i podlegaj\u0105 ochronie prawnej.<\/li>\n<li>Us\u0142ugodawca nie zezwala na kopiowanie, modyfikowanie, rozpowszechnianie, transmitowanie lub wykorzystywanie w inny spos\u00f3b jakichkolwiek utwor\u00f3w udost\u0119pnionych na Stronie internetowej za wyj\u0105tkiem korzystania z nich w ramach dozwolonego u\u017cytku.<\/li>\n<li>Us\u0142ugodawca zastrzega sobie prawo do zmiany Regulaminu. Zmiany wchodz\u0105 w \u017cycie w momencie wyra\u017anie wskazanym przez Us\u0142ugodawc\u0119, nie wcze\u015bniej jednak ni\u017c po 7 dniach od ich og\u0142oszenia. Rezerwacje dokonane przed wej\u015bciem w \u017cycie zmian, o kt\u00f3rych mowa w poprzednim zdaniu, b\u0119d\u0105 realizowane na zasadach obowi\u0105zuj\u0105cych w momencie ich sk\u0142adania.<\/li>\n<li>W sprawach nieuregulowanych w niniejszym Regulaminie maj\u0105 zastosowanie w\u0142a\u015bciwe przepisy prawa polskiego.<\/li>\n<li>Niniejszy regulamin obowi\u0105zuje od dnia\u00a001.01.2022<\/li>\n<\/ol>\n<p>[\/vc_column_text][\/vc_column][vc_column width=&#8221;1\/6&#8243;][\/vc_column][\/vc_row]<\/p>\n<\/div>","protected":false},"excerpt":{"rendered":"<p>[vc_row unlock_row_content=&#8221;yes&#8221; row_height_percent=&#8221;0&#8243; overlay_alpha=&#8221;50&#8243; gutter_size=&#8221;3&#8243; column_width_percent=&#8221;100&#8243; shift_y=&#8221;0&#8243; z_index=&#8221;0&#8243; uncode_shortcode_id=&#8221;766689&#8243;][vc_column width=&#8221;1\/6&#8243;][\/vc_column][vc_column column_width_percent=&#8221;100&#8243; gutter_size=&#8221;3&#8243; override_padding=&#8221;yes&#8221; column_padding=&#8221;3&#8243; overlay_alpha=&#8221;50&#8243; shadow=&#8221;std&#8221; shift_x=&#8221;0&#8243; shift_y=&#8221;0&#8243; shift_y_down=&#8221;0&#8243; z_index=&#8221;0&#8243; [&hellip;]<\/p>\n","protected":false},"author":1,"featured_media":0,"parent":0,"menu_order":0,"comment_status":"closed","ping_status":"closed","template":"","meta":{"_acf_changed":false,"footnotes":""},"class_list":["post-3","page","type-page","status-publish","hentry"],"acf":[],"yoast_head":"<!-- This site is optimized with the Yoast SEO plugin v25.8 - https:\/\/yoast.com\/wordpress\/plugins\/seo\/ -->\n<title>Regulamin - Izumi Sushi<\/title>\n<meta name=\"robots\" content=\"index, follow, max-snippet:-1, max-image-preview:large, max-video-preview:-1\" \/>\n<link rel=\"canonical\" href=\"https:\/\/izumisushi.eu\/izumi-omakase\/regulamin\/\" \/>\n<meta property=\"og:locale\" content=\"pl_PL\" \/>\n<meta property=\"og:type\" content=\"article\" \/>\n<meta property=\"og:title\" content=\"Regulamin - Izumi Sushi\" \/>\n<meta property=\"og:description\" content=\"[vc_row unlock_row_content=&#8221;yes&#8221; row_height_percent=&#8221;0&#8243; overlay_alpha=&#8221;50&#8243; gutter_size=&#8221;3&#8243; column_width_percent=&#8221;100&#8243; shift_y=&#8221;0&#8243; z_index=&#8221;0&#8243; uncode_shortcode_id=&#8221;766689&#8243;][vc_column width=&#8221;1\/6&#8243;][\/vc_column][vc_column column_width_percent=&#8221;100&#8243; gutter_size=&#8221;3&#8243; override_padding=&#8221;yes&#8221; column_padding=&#8221;3&#8243; overlay_alpha=&#8221;50&#8243; shadow=&#8221;std&#8221; shift_x=&#8221;0&#8243; shift_y=&#8221;0&#8243; shift_y_down=&#8221;0&#8243; z_index=&#8221;0&#8243; [&hellip;]\" \/>\n<meta property=\"og:url\" content=\"https:\/\/izumisushi.eu\/izumi-omakase\/regulamin\/\" \/>\n<meta property=\"og:site_name\" content=\"Izumi Sushi\" \/>\n<meta property=\"article:modified_time\" content=\"2025-06-09T10:11:29+00:00\" \/>\n<meta name=\"twitter:card\" content=\"summary_large_image\" \/>\n<meta name=\"twitter:label1\" content=\"Szacowany czas czytania\" \/>\n\t<meta name=\"twitter:data1\" content=\"10 minut\" \/>\n<script type=\"application\/ld+json\" class=\"yoast-schema-graph\">{\"@context\":\"https:\/\/schema.org\",\"@graph\":[{\"@type\":\"WebPage\",\"@id\":\"https:\/\/izumisushi.eu\/izumi-omakase\/regulamin\/\",\"url\":\"https:\/\/izumisushi.eu\/izumi-omakase\/regulamin\/\",\"name\":\"Regulamin - Izumi Sushi\",\"isPartOf\":{\"@id\":\"https:\/\/izumisushi.eu\/izumi-omakase\/#website\"},\"datePublished\":\"2019-05-18T17:28:53+00:00\",\"dateModified\":\"2025-06-09T10:11:29+00:00\",\"breadcrumb\":{\"@id\":\"https:\/\/izumisushi.eu\/izumi-omakase\/regulamin\/#breadcrumb\"},\"inLanguage\":\"pl-PL\",\"potentialAction\":[{\"@type\":\"ReadAction\",\"target\":[\"https:\/\/izumisushi.eu\/izumi-omakase\/regulamin\/\"]}]},{\"@type\":\"BreadcrumbList\",\"@id\":\"https:\/\/izumisushi.eu\/izumi-omakase\/regulamin\/#breadcrumb\",\"itemListElement\":[{\"@type\":\"ListItem\",\"position\":1,\"name\":\"Strona g\u0142\u00f3wna\",\"item\":\"https:\/\/izumisushi.eu\/izumi-omakase\/reservation-restaurant\/\"},{\"@type\":\"ListItem\",\"position\":2,\"name\":\"Regulamin\"}]},{\"@type\":\"WebSite\",\"@id\":\"https:\/\/izumisushi.eu\/izumi-omakase\/#website\",\"url\":\"https:\/\/izumisushi.eu\/izumi-omakase\/\",\"name\":\"Izumi Sushi\",\"description\":\"Exclusive Private Dining\",\"potentialAction\":[{\"@type\":\"SearchAction\",\"target\":{\"@type\":\"EntryPoint\",\"urlTemplate\":\"https:\/\/izumisushi.eu\/izumi-omakase\/?s={search_term_string}\"},\"query-input\":{\"@type\":\"PropertyValueSpecification\",\"valueRequired\":true,\"valueName\":\"search_term_string\"}}],\"inLanguage\":\"pl-PL\"}]}<\/script>\n<!-- \/ Yoast SEO plugin. -->","yoast_head_json":{"title":"Regulamin - Izumi Sushi","robots":{"index":"index","follow":"follow","max-snippet":"max-snippet:-1","max-image-preview":"max-image-preview:large","max-video-preview":"max-video-preview:-1"},"canonical":"https:\/\/izumisushi.eu\/izumi-omakase\/regulamin\/","og_locale":"pl_PL","og_type":"article","og_title":"Regulamin - Izumi Sushi","og_description":"[vc_row unlock_row_content=&#8221;yes&#8221; row_height_percent=&#8221;0&#8243; overlay_alpha=&#8221;50&#8243; gutter_size=&#8221;3&#8243; column_width_percent=&#8221;100&#8243; shift_y=&#8221;0&#8243; z_index=&#8221;0&#8243; uncode_shortcode_id=&#8221;766689&#8243;][vc_column width=&#8221;1\/6&#8243;][\/vc_column][vc_column column_width_percent=&#8221;100&#8243; gutter_size=&#8221;3&#8243; override_padding=&#8221;yes&#8221; column_padding=&#8221;3&#8243; overlay_alpha=&#8221;50&#8243; shadow=&#8221;std&#8221; shift_x=&#8221;0&#8243; shift_y=&#8221;0&#8243; shift_y_down=&#8221;0&#8243; z_index=&#8221;0&#8243; [&hellip;]","og_url":"https:\/\/izumisushi.eu\/izumi-omakase\/regulamin\/","og_site_name":"Izumi Sushi","article_modified_time":"2025-06-09T10:11:29+00:00","twitter_card":"summary_large_image","twitter_misc":{"Szacowany czas czytania":"10 minut"},"schema":{"@context":"https:\/\/schema.org","@graph":[{"@type":"WebPage","@id":"https:\/\/izumisushi.eu\/izumi-omakase\/regulamin\/","url":"https:\/\/izumisushi.eu\/izumi-omakase\/regulamin\/","name":"Regulamin - Izumi Sushi","isPartOf":{"@id":"https:\/\/izumisushi.eu\/izumi-omakase\/#website"},"datePublished":"2019-05-18T17:28:53+00:00","dateModified":"2025-06-09T10:11:29+00:00","breadcrumb":{"@id":"https:\/\/izumisushi.eu\/izumi-omakase\/regulamin\/#breadcrumb"},"inLanguage":"pl-PL","potentialAction":[{"@type":"ReadAction","target":["https:\/\/izumisushi.eu\/izumi-omakase\/regulamin\/"]}]},{"@type":"BreadcrumbList","@id":"https:\/\/izumisushi.eu\/izumi-omakase\/regulamin\/#breadcrumb","itemListElement":[{"@type":"ListItem","position":1,"name":"Strona g\u0142\u00f3wna","item":"https:\/\/izumisushi.eu\/izumi-omakase\/reservation-restaurant\/"},{"@type":"ListItem","position":2,"name":"Regulamin"}]},{"@type":"WebSite","@id":"https:\/\/izumisushi.eu\/izumi-omakase\/#website","url":"https:\/\/izumisushi.eu\/izumi-omakase\/","name":"Izumi Sushi","description":"Exclusive Private Dining","potentialAction":[{"@type":"SearchAction","target":{"@type":"EntryPoint","urlTemplate":"https:\/\/izumisushi.eu\/izumi-omakase\/?s={search_term_string}"},"query-input":{"@type":"PropertyValueSpecification","valueRequired":true,"valueName":"search_term_string"}}],"inLanguage":"pl-PL"}]}},"_links":{"self":[{"href":"https:\/\/izumisushi.eu\/izumi-omakase\/wp-json\/wp\/v2\/pages\/3","targetHints":{"allow":["GET"]}}],"collection":[{"href":"https:\/\/izumisushi.eu\/izumi-omakase\/wp-json\/wp\/v2\/pages"}],"about":[{"href":"https:\/\/izumisushi.eu\/izumi-omakase\/wp-json\/wp\/v2\/types\/page"}],"author":[{"embeddable":true,"href":"https:\/\/izumisushi.eu\/izumi-omakase\/wp-json\/wp\/v2\/users\/1"}],"replies":[{"embeddable":true,"href":"https:\/\/izumisushi.eu\/izumi-omakase\/wp-json\/wp\/v2\/comments?post=3"}],"version-history":[{"count":8,"href":"https:\/\/izumisushi.eu\/izumi-omakase\/wp-json\/wp\/v2\/pages\/3\/revisions"}],"predecessor-version":[{"id":1357,"href":"https:\/\/izumisushi.eu\/izumi-omakase\/wp-json\/wp\/v2\/pages\/3\/revisions\/1357"}],"wp:attachment":[{"href":"https:\/\/izumisushi.eu\/izumi-omakase\/wp-json\/wp\/v2\/media?parent=3"}],"curies":[{"name":"wp","href":"https:\/\/api.w.org\/{rel}","templated":true}]}}