{"id":1363,"date":"2025-06-09T14:32:53","date_gmt":"2025-06-09T12:32:53","guid":{"rendered":"https:\/\/izumisushi.eu\/izumi-omakase\/?post_type=product&#038;p=1363"},"modified":"2025-06-09T14:34:03","modified_gmt":"2025-06-09T12:34:03","slug":"karta-podarunkowa-400","status":"publish","type":"product","link":"https:\/\/izumisushi.eu\/izumi-omakase\/produkt\/karta-podarunkowa-400\/","title":{"rendered":"Karta podarunkowa 400"},"content":{"rendered":"","protected":false},"excerpt":{"rendered":"<p><strong><span style=\"color: #fad14d;\">*<\/span>konsumpcja bez napoj\u00f3w<\/strong><br \/>\n<strong><span style=\"color: #fad14d;\">*<\/span>voucher nie podlega zwrotowi lub wymianie na got\u00f3wk\u0119<\/strong><br \/>\n<strong><span style=\"color: #fad14d;\">*<\/span>wymagana wcze\u015bniejsza rezerwacja w celu potwierdzenia wizyty<br \/>\n<span style=\"color: #fad14d;\">*<\/span>voucher wa\u017cny 6 miesi\u0119cy od daty zakupu<br \/>\n<\/strong><\/p>\n","protected":false},"featured_media":1361,"template":"","meta":{"_acf_changed":false},"product_brand":[],"product_cat":[34],"product_tag":[],"class_list":{"0":"post-1363","1":"product","2":"type-product","3":"status-publish","4":"has-post-thumbnail","6":"product_cat-wps_wgm_giftcard","8":"first","9":"instock","10":"shipping-taxable","11":"purchasable","12":"product-type-wgm_gift_card"},"acf":[],"yoast_head":"<!-- This site is optimized with the Yoast SEO plugin v25.8 - https:\/\/yoast.com\/wordpress\/plugins\/seo\/ -->\n<title>Karta podarunkowa 400 - Izumi Sushi<\/title>\n<meta name=\"robots\" content=\"index, follow, max-snippet:-1, max-image-preview:large, max-video-preview:-1\" \/>\n<link rel=\"canonical\" href=\"https:\/\/izumisushi.eu\/izumi-omakase\/produkt\/karta-podarunkowa-400\/\" \/>\n<meta property=\"og:locale\" content=\"pl_PL\" \/>\n<meta property=\"og:type\" content=\"article\" \/>\n<meta property=\"og:title\" content=\"Karta podarunkowa 400 - Izumi Sushi\" \/>\n<meta property=\"og:description\" content=\"*konsumpcja bez napoj\u00f3w *voucher nie podlega zwrotowi lub wymianie na got\u00f3wk\u0119 *wymagana wcze\u015bniejsza rezerwacja w celu potwierdzenia wizyty *voucher wa\u017cny 6 miesi\u0119cy od daty zakupu\" \/>\n<meta property=\"og:url\" content=\"https:\/\/izumisushi.eu\/izumi-omakase\/produkt\/karta-podarunkowa-400\/\" \/>\n<meta property=\"og:site_name\" content=\"Izumi Sushi\" \/>\n<meta property=\"article:modified_time\" content=\"2025-06-09T12:34:03+00:00\" \/>\n<meta property=\"og:image\" content=\"https:\/\/izumisushi.eu\/izumi-omakase\/wp-content\/uploads\/2023\/09\/gift-card-1.webp\" \/>\n\t<meta property=\"og:image:width\" content=\"1239\" \/>\n\t<meta property=\"og:image:height\" content=\"1170\" \/>\n\t<meta property=\"og:image:type\" content=\"image\/webp\" \/>\n<meta name=\"twitter:card\" content=\"summary_large_image\" \/>\n<meta name=\"twitter:label1\" content=\"Szacowany czas czytania\" \/>\n\t<meta name=\"twitter:data1\" content=\"1 minuta\" \/>\n<script type=\"application\/ld+json\" class=\"yoast-schema-graph\">{\"@context\":\"https:\/\/schema.org\",\"@graph\":[{\"@type\":\"WebPage\",\"@id\":\"https:\/\/izumisushi.eu\/izumi-omakase\/produkt\/karta-podarunkowa-400\/\",\"url\":\"https:\/\/izumisushi.eu\/izumi-omakase\/produkt\/karta-podarunkowa-400\/\",\"name\":\"Karta podarunkowa 400 - Izumi Sushi\",\"isPartOf\":{\"@id\":\"https:\/\/izumisushi.eu\/izumi-omakase\/#website\"},\"primaryImageOfPage\":{\"@id\":\"https:\/\/izumisushi.eu\/izumi-omakase\/produkt\/karta-podarunkowa-400\/#primaryimage\"},\"image\":{\"@id\":\"https:\/\/izumisushi.eu\/izumi-omakase\/produkt\/karta-podarunkowa-400\/#primaryimage\"},\"thumbnailUrl\":\"https:\/\/izumisushi.eu\/izumi-omakase\/wp-content\/uploads\/2023\/09\/gift-card-1.webp\",\"datePublished\":\"2025-06-09T12:32:53+00:00\",\"dateModified\":\"2025-06-09T12:34:03+00:00\",\"breadcrumb\":{\"@id\":\"https:\/\/izumisushi.eu\/izumi-omakase\/produkt\/karta-podarunkowa-400\/#breadcrumb\"},\"inLanguage\":\"pl-PL\",\"potentialAction\":[{\"@type\":\"ReadAction\",\"target\":[\"https:\/\/izumisushi.eu\/izumi-omakase\/produkt\/karta-podarunkowa-400\/\"]}]},{\"@type\":\"ImageObject\",\"inLanguage\":\"pl-PL\",\"@id\":\"https:\/\/izumisushi.eu\/izumi-omakase\/produkt\/karta-podarunkowa-400\/#primaryimage\",\"url\":\"https:\/\/izumisushi.eu\/izumi-omakase\/wp-content\/uploads\/2023\/09\/gift-card-1.webp\",\"contentUrl\":\"https:\/\/izumisushi.eu\/izumi-omakase\/wp-content\/uploads\/2023\/09\/gift-card-1.webp\",\"width\":1239,\"height\":1170},{\"@type\":\"BreadcrumbList\",\"@id\":\"https:\/\/izumisushi.eu\/izumi-omakase\/produkt\/karta-podarunkowa-400\/#breadcrumb\",\"itemListElement\":[{\"@type\":\"ListItem\",\"position\":1,\"name\":\"Strona g\u0142\u00f3wna\",\"item\":\"https:\/\/izumisushi.eu\/izumi-omakase\/reservation-restaurant\/\"},{\"@type\":\"ListItem\",\"position\":2,\"name\":\"Produkty\",\"item\":\"https:\/\/izumisushi.eu\/izumi-omakase\/shop\/\"},{\"@type\":\"ListItem\",\"position\":3,\"name\":\"Karta podarunkowa 400\"}]},{\"@type\":\"WebSite\",\"@id\":\"https:\/\/izumisushi.eu\/izumi-omakase\/#website\",\"url\":\"https:\/\/izumisushi.eu\/izumi-omakase\/\",\"name\":\"Izumi Sushi\",\"description\":\"Exclusive Private Dining\",\"potentialAction\":[{\"@type\":\"SearchAction\",\"target\":{\"@type\":\"EntryPoint\",\"urlTemplate\":\"https:\/\/izumisushi.eu\/izumi-omakase\/?s={search_term_string}\"},\"query-input\":{\"@type\":\"PropertyValueSpecification\",\"valueRequired\":true,\"valueName\":\"search_term_string\"}}],\"inLanguage\":\"pl-PL\"}]}<\/script>\n<!-- \/ Yoast SEO plugin. -->","yoast_head_json":{"title":"Karta podarunkowa 400 - Izumi Sushi","robots":{"index":"index","follow":"follow","max-snippet":"max-snippet:-1","max-image-preview":"max-image-preview:large","max-video-preview":"max-video-preview:-1"},"canonical":"https:\/\/izumisushi.eu\/izumi-omakase\/produkt\/karta-podarunkowa-400\/","og_locale":"pl_PL","og_type":"article","og_title":"Karta podarunkowa 400 - Izumi Sushi","og_description":"*konsumpcja bez napoj\u00f3w *voucher nie podlega zwrotowi lub wymianie na got\u00f3wk\u0119 *wymagana wcze\u015bniejsza rezerwacja w celu potwierdzenia wizyty *voucher wa\u017cny 6 miesi\u0119cy od daty zakupu","og_url":"https:\/\/izumisushi.eu\/izumi-omakase\/produkt\/karta-podarunkowa-400\/","og_site_name":"Izumi Sushi","article_modified_time":"2025-06-09T12:34:03+00:00","og_image":[{"width":1239,"height":1170,"url":"https:\/\/izumisushi.eu\/izumi-omakase\/wp-content\/uploads\/2023\/09\/gift-card-1.webp","type":"image\/webp"}],"twitter_card":"summary_large_image","twitter_misc":{"Szacowany czas czytania":"1 minuta"},"schema":{"@context":"https:\/\/schema.org","@graph":[{"@type":"WebPage","@id":"https:\/\/izumisushi.eu\/izumi-omakase\/produkt\/karta-podarunkowa-400\/","url":"https:\/\/izumisushi.eu\/izumi-omakase\/produkt\/karta-podarunkowa-400\/","name":"Karta podarunkowa 400 - Izumi Sushi","isPartOf":{"@id":"https:\/\/izumisushi.eu\/izumi-omakase\/#website"},"primaryImageOfPage":{"@id":"https:\/\/izumisushi.eu\/izumi-omakase\/produkt\/karta-podarunkowa-400\/#primaryimage"},"image":{"@id":"https:\/\/izumisushi.eu\/izumi-omakase\/produkt\/karta-podarunkowa-400\/#primaryimage"},"thumbnailUrl":"https:\/\/izumisushi.eu\/izumi-omakase\/wp-content\/uploads\/2023\/09\/gift-card-1.webp","datePublished":"2025-06-09T12:32:53+00:00","dateModified":"2025-06-09T12:34:03+00:00","breadcrumb":{"@id":"https:\/\/izumisushi.eu\/izumi-omakase\/produkt\/karta-podarunkowa-400\/#breadcrumb"},"inLanguage":"pl-PL","potentialAction":[{"@type":"ReadAction","target":["https:\/\/izumisushi.eu\/izumi-omakase\/produkt\/karta-podarunkowa-400\/"]}]},{"@type":"ImageObject","inLanguage":"pl-PL","@id":"https:\/\/izumisushi.eu\/izumi-omakase\/produkt\/karta-podarunkowa-400\/#primaryimage","url":"https:\/\/izumisushi.eu\/izumi-omakase\/wp-content\/uploads\/2023\/09\/gift-card-1.webp","contentUrl":"https:\/\/izumisushi.eu\/izumi-omakase\/wp-content\/uploads\/2023\/09\/gift-card-1.webp","width":1239,"height":1170},{"@type":"BreadcrumbList","@id":"https:\/\/izumisushi.eu\/izumi-omakase\/produkt\/karta-podarunkowa-400\/#breadcrumb","itemListElement":[{"@type":"ListItem","position":1,"name":"Strona g\u0142\u00f3wna","item":"https:\/\/izumisushi.eu\/izumi-omakase\/reservation-restaurant\/"},{"@type":"ListItem","position":2,"name":"Produkty","item":"https:\/\/izumisushi.eu\/izumi-omakase\/shop\/"},{"@type":"ListItem","position":3,"name":"Karta podarunkowa 400"}]},{"@type":"WebSite","@id":"https:\/\/izumisushi.eu\/izumi-omakase\/#website","url":"https:\/\/izumisushi.eu\/izumi-omakase\/","name":"Izumi Sushi","description":"Exclusive Private Dining","potentialAction":[{"@type":"SearchAction","target":{"@type":"EntryPoint","urlTemplate":"https:\/\/izumisushi.eu\/izumi-omakase\/?s={search_term_string}"},"query-input":{"@type":"PropertyValueSpecification","valueRequired":true,"valueName":"search_term_string"}}],"inLanguage":"pl-PL"}]}},"_links":{"self":[{"href":"https:\/\/izumisushi.eu\/izumi-omakase\/wp-json\/wp\/v2\/product\/1363","targetHints":{"allow":["GET"]}}],"collection":[{"href":"https:\/\/izumisushi.eu\/izumi-omakase\/wp-json\/wp\/v2\/product"}],"about":[{"href":"https:\/\/izumisushi.eu\/izumi-omakase\/wp-json\/wp\/v2\/types\/product"}],"wp:featuredmedia":[{"embeddable":true,"href":"https:\/\/izumisushi.eu\/izumi-omakase\/wp-json\/wp\/v2\/media\/1361"}],"wp:attachment":[{"href":"https:\/\/izumisushi.eu\/izumi-omakase\/wp-json\/wp\/v2\/media?parent=1363"}],"wp:term":[{"taxonomy":"product_brand","embeddable":true,"href":"https:\/\/izumisushi.eu\/izumi-omakase\/wp-json\/wp\/v2\/product_brand?post=1363"},{"taxonomy":"product_cat","embeddable":true,"href":"https:\/\/izumisushi.eu\/izumi-omakase\/wp-json\/wp\/v2\/product_cat?post=1363"},{"taxonomy":"product_tag","embeddable":true,"href":"https:\/\/izumisushi.eu\/izumi-omakase\/wp-json\/wp\/v2\/product_tag?post=1363"}],"curies":[{"name":"wp","href":"https:\/\/api.w.org\/{rel}","templated":true}]}}